{"id":903,"date":"2024-02-06T12:16:47","date_gmt":"2024-02-06T11:16:47","guid":{"rendered":"https:\/\/wynelabel.eu\/pie-de-imprenta\/"},"modified":"2024-08-14T13:39:47","modified_gmt":"2024-08-14T11:39:47","slug":"pie-de-imprenta","status":"publish","type":"page","link":"https:\/\/wynelabel.eu\/es\/pie-de-imprenta\/","title":{"rendered":"Pie de imprenta"},"content":{"rendered":"<div class=\"gb-container gb-container-42d84b2c gbp-section__inner\">\n\n<h1 class=\"wp-block-heading\">Pie de imprenta<\/h1>\n\n\n\n<p>grieblmedia GmbH<br\/>Lenderstra\u00dfe 10<br\/>77880 Sasbach<\/p>\n\n\n\n<p>Registro mercantil: HRB 702080<br\/>Tribunal de registro: Juzgado de Primera Instancia de Mannheim<\/p>\n\n\n\n<p><strong>Representado por:<\/strong><br\/>Oliver Griebl<br\/>Matthias Griebl<\/p>\n\n\n\n<p><strong>Contacta con nosotros<\/strong><\/p>\n\n\n\n<p>Tel\u00e9fono: +49(0)78418392661<br\/>Correo electr\u00f3nico: info@grieblmedia.de<\/p>\n\n\n\n<p><strong>N\u00famero de identificaci\u00f3n fiscal<\/strong><\/p>\n\n\n\n<p>N\u00famero de identificaci\u00f3n del impuesto sobre el valor a\u00f1adido de conformidad con el art\u00edculo 27 a de la Ley del Impuesto sobre el Valor A\u00f1adido: DE252850240<\/p>\n\n\n\n<p><strong>Editorialmente responsable<\/strong><\/p>\n\n\n\n<p>Oliver Griebl<br\/>Lenderstra\u00dfe 10<br\/>77880 Sasbach<\/p>\n\n\n\n<p><strong>Resoluci\u00f3n de litigios en la UE<\/strong><\/p>\n\n\n\n<p>La Comisi\u00f3n Europea ofrece una plataforma para la resoluci\u00f3n de litigios en l\u00ednea (OS): <a href=\"https:\/\/ec.europa.eu\/consumers\/odr\/\" target=\"_blank\" rel=\"noreferrer noopener\">https:\/ \/ec.europa.eu\/consumers\/odr\/<\/a>. Puedes encontrar nuestra direcci\u00f3n de correo electr\u00f3nico en el aviso legal anterior.<\/p>\n\n\n\n<p><strong>Resoluci\u00f3n de litigios de consumo\/centro de arbitraje universal<\/strong><\/p>\n\n\n\n<p>No estamos dispuestos ni obligados a participar en procedimientos de resoluci\u00f3n de litigios ante una junta de arbitraje de consumo.<\/p>\n\n<\/div>","protected":false},"excerpt":{"rendered":"<p>Pie de imprenta grieblmedia GmbHLenderstra\u00dfe 1077880 Sasbach Registro mercantil: HRB 702080Tribunal de registro: Juzgado de Primera Instancia de Mannheim Representado por:Oliver GrieblMatthias Griebl Contacta con nosotros Tel\u00e9fono: +49(0)78418392661Correo electr\u00f3nico: info@grieblmedia.de N\u00famero de identificaci\u00f3n fiscal N\u00famero de identificaci\u00f3n del impuesto sobre el valor a\u00f1adido de conformidad con el art\u00edculo 27 a de la Ley del Impuesto &#8230; <a title=\"Pie de imprenta\" class=\"read-more\" href=\"https:\/\/wynelabel.eu\/es\/pie-de-imprenta\/\" aria-label=\"Leer m\u00e1s sobre Pie de imprenta\">Weiterlesen &#8230;<\/a><\/p>\n","protected":false},"author":1,"featured_media":0,"parent":0,"menu_order":0,"comment_status":"closed","ping_status":"closed","template":"","meta":{"footnotes":""},"class_list":["post-903","page","type-page","status-publish"],"_links":{"self":[{"href":"https:\/\/wynelabel.eu\/es\/wp-json\/wp\/v2\/pages\/903","targetHints":{"allow":["GET"]}}],"collection":[{"href":"https:\/\/wynelabel.eu\/es\/wp-json\/wp\/v2\/pages"}],"about":[{"href":"https:\/\/wynelabel.eu\/es\/wp-json\/wp\/v2\/types\/page"}],"author":[{"embeddable":true,"href":"https:\/\/wynelabel.eu\/es\/wp-json\/wp\/v2\/users\/1"}],"replies":[{"embeddable":true,"href":"https:\/\/wynelabel.eu\/es\/wp-json\/wp\/v2\/comments?post=903"}],"version-history":[{"count":4,"href":"https:\/\/wynelabel.eu\/es\/wp-json\/wp\/v2\/pages\/903\/revisions"}],"predecessor-version":[{"id":1091,"href":"https:\/\/wynelabel.eu\/es\/wp-json\/wp\/v2\/pages\/903\/revisions\/1091"}],"wp:attachment":[{"href":"https:\/\/wynelabel.eu\/es\/wp-json\/wp\/v2\/media?parent=903"}],"curies":[{"name":"wp","href":"https:\/\/api.w.org\/{rel}","templated":true}]}}