{"id":897,"date":"2024-02-06T12:16:47","date_gmt":"2024-02-06T11:16:47","guid":{"rendered":"https:\/\/wynelabel.eu\/impressum\/"},"modified":"2024-08-14T13:39:47","modified_gmt":"2024-08-14T11:39:47","slug":"mentions-legales","status":"publish","type":"page","link":"https:\/\/wynelabel.eu\/fr\/mentions-legales\/","title":{"rendered":"Mentions l\u00e9gales"},"content":{"rendered":"<div class=\"gb-container gb-container-42d84b2c gbp-section__inner\">\n\n<h1 class=\"wp-block-heading\">Mentions l\u00e9gales<\/h1>\n\n\n\n<p>grieblmedia GmbH<br\/>Lenderstra\u00dfe 10<br\/>77880 Sasbach<\/p>\n\n\n\n<p>Registre du commerce : HRB 702080<br\/>Tribunal d&rsquo;enregistrement : Tribunal d&rsquo;instance de Mannheim<\/p>\n\n\n\n<p><strong>Repr\u00e9sent\u00e9 par :<\/strong><br\/>Oliver Griebl<br\/>Matthias Griebl<\/p>\n\n\n\n<p><strong>Contact<\/strong><\/p>\n\n\n\n<p>T\u00e9l\u00e9phone : +49(0)78418392661<br\/>E-mail : info@grieblmedia.de<\/p>\n\n\n\n<p><strong>Num\u00e9ro d&rsquo;identification de la taxe sur le chiffre d&rsquo;affaires<\/strong><\/p>\n\n\n\n<p>Num\u00e9ro d&rsquo;identification de la taxe sur le chiffre d&rsquo;affaires conform\u00e9ment au \u00a7 27 a de la loi sur la taxe sur le chiffre d&rsquo;affaires :<br\/>DE252850240<\/p>\n\n\n\n<p><strong>Responsable de la r\u00e9daction<\/strong><\/p>\n\n\n\n<p>Oliver Griebl<br\/>Lenderstra\u00dfe 10<br\/>77880 Sasbach<\/p>\n\n\n\n<p><strong>R\u00e8glement des litiges de l&rsquo;UE<\/strong><\/p>\n\n\n\n<p>La Commission europ\u00e9enne met \u00e0 disposition une plate-forme de r\u00e8glement en ligne des litiges (RLL) <a href=\"https:\/\/ec.europa.eu\/consumers\/odr\/\" target=\"_blank\" rel=\"noreferrer noopener\">: https:\/\/ec.europa.eu\/consumers\/odr\/.<\/a><br\/>Vous trouverez notre adresse \u00e9lectronique en haut de la page des mentions l\u00e9gales.<\/p>\n\n\n\n<p><strong>R\u00e8glement des litiges de consommation\/organe universel de conciliation<\/strong><\/p>\n\n\n\n<p>Nous ne sommes pas dispos\u00e9s ou oblig\u00e9s de participer \u00e0 des proc\u00e9dures de r\u00e8glement des litiges devant un organisme de conciliation des consommateurs.<\/p>\n\n<\/div>","protected":false},"excerpt":{"rendered":"<p>Mentions l\u00e9gales grieblmedia GmbHLenderstra\u00dfe 1077880 Sasbach Registre du commerce : HRB 702080Tribunal d&rsquo;enregistrement : Tribunal d&rsquo;instance de Mannheim Repr\u00e9sent\u00e9 par :Oliver GrieblMatthias Griebl Contact T\u00e9l\u00e9phone : +49(0)78418392661E-mail : info@grieblmedia.de Num\u00e9ro d&rsquo;identification de la taxe sur le chiffre d&rsquo;affaires Num\u00e9ro d&rsquo;identification de la taxe sur le chiffre d&rsquo;affaires conform\u00e9ment au \u00a7 27 a de la loi &#8230; <a title=\"Mentions l\u00e9gales\" class=\"read-more\" href=\"https:\/\/wynelabel.eu\/fr\/mentions-legales\/\" aria-label=\"En savoir plus sur Mentions l\u00e9gales\">Weiterlesen &#8230;<\/a><\/p>\n","protected":false},"author":1,"featured_media":0,"parent":0,"menu_order":0,"comment_status":"closed","ping_status":"closed","template":"","meta":{"footnotes":""},"class_list":["post-897","page","type-page","status-publish"],"_links":{"self":[{"href":"https:\/\/wynelabel.eu\/fr\/wp-json\/wp\/v2\/pages\/897","targetHints":{"allow":["GET"]}}],"collection":[{"href":"https:\/\/wynelabel.eu\/fr\/wp-json\/wp\/v2\/pages"}],"about":[{"href":"https:\/\/wynelabel.eu\/fr\/wp-json\/wp\/v2\/types\/page"}],"author":[{"embeddable":true,"href":"https:\/\/wynelabel.eu\/fr\/wp-json\/wp\/v2\/users\/1"}],"replies":[{"embeddable":true,"href":"https:\/\/wynelabel.eu\/fr\/wp-json\/wp\/v2\/comments?post=897"}],"version-history":[{"count":2,"href":"https:\/\/wynelabel.eu\/fr\/wp-json\/wp\/v2\/pages\/897\/revisions"}],"predecessor-version":[{"id":1086,"href":"https:\/\/wynelabel.eu\/fr\/wp-json\/wp\/v2\/pages\/897\/revisions\/1086"}],"wp:attachment":[{"href":"https:\/\/wynelabel.eu\/fr\/wp-json\/wp\/v2\/media?parent=897"}],"curies":[{"name":"wp","href":"https:\/\/api.w.org\/{rel}","templated":true}]}}