{"id":76,"date":"2024-02-06T14:26:57","date_gmt":"2024-02-06T13:26:57","guid":{"rendered":"https:\/\/wynelabel.eu\/domande-e-risposte\/"},"modified":"2024-11-08T20:14:32","modified_gmt":"2024-11-08T19:14:32","slug":"domande-e-risposte","status":"publish","type":"page","link":"https:\/\/wynelabel.eu\/it\/domande-e-risposte\/","title":{"rendered":"Supporto Wynelabel \/ FAQ \/ Suggerimenti e trucchi"},"content":{"rendered":"<div class=\"gb-container gb-container-233aac53\"><\/div><div class=\"gb-container gb-container-9851a485 gbp-section\">\n<div class=\"gb-container gb-container-9f6e7659 shadowed alignwide gbp-section__inner\">\n\n<div class=\"wp-block-group is-vertical is-layout-flex wp-container-core-group-is-layout-8cf370e7 wp-block-group-is-layout-flex\">\n<h2 class=\"gb-headline gb-headline-8262682c gb-headline-text gbp-section__headline\">Hai qualche domanda o problema nell&#8217;utilizzo di Wynelabel?<\/h2>\n\n\n\n<div class=\"gb-headline gb-headline-cb9c11cc gb-headline-text gbp-section__text\">Il nostro team di assistenza \u00e8 disponibile dal luned\u00ec al venerd\u00ec dalle 10.00 alle 18.00 al seguente numero di telefono e indirizzo e-mail:<\/div>\n<\/div>\n\n\n<div class=\"gb-container gb-container-beec0e31\">\n\n<a class=\"gb-button gb-button-bf4e48e1 gb-button-text gbp-button--primary\" href=\"#\">+49-7841-8392661<\/a>\n\n\n\n<a class=\"gb-button gb-button-ea4df2e0 gb-button-text gbp-button--primary\" href=\"#\">support@wynelabel.eu<\/a>\n\n<\/div>\n<\/div>\n<\/div><div class=\"gb-container gb-container-23e59f8e\">\n<div class=\"gb-container gb-container-ec73aa04 gbp-section\">\n<div class=\"gb-container gb-container-a9c0306c gbp-section__inner\">\n<div class=\"gb-container gb-container-4d9f5aef\">\n\n<h2 class=\"gb-headline gb-headline-f16d7cb8 gb-headline-text gbp-section__headline\">DOMANDE FREQUENTI<\/h2>\n\n\n\n<div class=\"gb-headline gb-headline-d318c61a gb-headline-text gbp-section__text\">Qui troverai le risposte alle domande pi\u00f9 frequenti su Wynelabel. Il nostro obiettivo \u00e8 quello di aiutarti in modo rapido ed efficiente. Per qualsiasi altra domanda, non esitare a contattarci direttamente.<\/div>\n\n<\/div>\n<\/div>\n\n<div class=\"gb-container gb-container-6c87335b\">\n<div class=\"gb-grid-wrapper gb-grid-wrapper-721004e3\">\n<div class=\"gb-grid-column gb-grid-column-1853e5f4\"><div class=\"gb-container gb-container-1853e5f4\">\n\n<h3 class=\"gb-headline gb-headline-f51b79b9 gb-headline-text gbp-card__title\">Cosa offre Wynelabel?<\/h3>\n\n\n\n<div class=\"gb-headline gb-headline-d81490ae gb-headline-text gbp-section__text\">Puoi utilizzare Wynelabel per creare etichette elettroniche online da pubblicare su Internet. Questi sono immediatamente accessibili tramite un codice QR generato automaticamente, che potete scaricare per stamparlo sulle vostre etichette di vino.<\/div>\n\n<\/div><\/div>\n\n<div class=\"gb-grid-column gb-grid-column-0d9bf377\"><div class=\"gb-container gb-container-0d9bf377\">\n\n<h3 class=\"gb-headline gb-headline-f58237bc gb-headline-text gbp-card__title\">Posso provare Wynelabel?<\/h3>\n\n\n\n<div class=\"gb-headline gb-headline-7ba4e538 gb-headline-text gbp-section__text\">S\u00ec, puoi creare e pubblicare un&#8217;<strong>etichetta elettronica<\/strong> con un codice QR gratuitamente e senza prenotare Wynelabel Unlimited. Il numero di etichette elettroniche che possono essere pubblicate \u00e8 limitato a una in Wynlabel Free.<\/div>\n\n<\/div><\/div>\n\n<div class=\"gb-grid-column gb-grid-column-80c7e9a0\"><div class=\"gb-container gb-container-80c7e9a0\">\n\n<h3 class=\"gb-headline gb-headline-8e45ca41 gb-headline-text gbp-card__title\">Quanto mi costa Wynelabel Unlimited?<\/h3>\n\n\n\n<div class=\"gb-headline gb-headline-bd92649a gb-headline-text gbp-section__text\">Prenotare Wynelabel Unlimited costa solo 99,00 euro netti (117,81 euro IVA inclusa) all&#8217;anno.<\/div>\n\n<\/div><\/div>\n\n<div class=\"gb-grid-column gb-grid-column-e0cd9ec9\"><div class=\"gb-container gb-container-e0cd9ec9\">\n\n<h3 class=\"gb-headline gb-headline-bd8b04ef gb-headline-text gbp-card__title\">Come posso pagare l&#8217;abbonamento a Wynelabel Unlimited?<\/h3>\n\n\n\n<div class=\"gb-headline gb-headline-50962129 gb-headline-text gbp-section__text\">Il pagamento pu\u00f2 essere effettuato tramite il nostro fornitore di servizi di pagamento Stripe con carta di credito o PayPal. L&#8217;abbonamento si rinnova automaticamente dopo un anno.<\/div>\n\n<\/div><\/div>\n\n<div class=\"gb-grid-column gb-grid-column-089e2dba\"><div class=\"gb-container gb-container-089e2dba\">\n\n<h3 class=\"gb-headline gb-headline-fa0ab3cb gb-headline-text gbp-card__title\">Quante etichette elettroniche posso creare e pubblicare?<\/h3>\n\n\n\n<div class=\"gb-headline gb-headline-6c502635 gb-headline-text gbp-section__text\">Dopo aver prenotato Wynelabel Unlimited, puoi creare e pubblicare un numero qualsiasi di etichette elettroniche con un codice QR associato.<\/div>\n\n<\/div><\/div>\n\n<div class=\"gb-grid-column gb-grid-column-8844d47e\"><div class=\"gb-container gb-container-8844d47e\">\n\n<h3 class=\"gb-headline gb-headline-79f57d2e gb-headline-text gbp-card__title\">Per quanto tempo le etichette elettroniche rimarranno accessibili tramite il codice QR?<\/h3>\n\n\n\n<div class=\"gb-headline gb-headline-16dff61e gb-headline-text gbp-section__text\">Un&#8217;etichetta elettronica che pubblichi con l&#8217;abbonamento a Wynelabel Unlimited rimane disponibile fino a quando non la ripubblichi. Puoi anche passare a un altro provider e il codice QR esistente rimane valido.<\/div>\n\n<\/div><\/div>\n\n<div class=\"gb-grid-column gb-grid-column-a0073f4c\"><div class=\"gb-container gb-container-a0073f4c\">\n\n<h3 class=\"gb-headline gb-headline-0dd72a5c gb-headline-text gbp-card__title\">Quali sono le lingue supportate da Wynelabel?<\/h3>\n\n\n\n<div class=\"gb-headline gb-headline-2b981f90 gb-headline-text gbp-section__text\">L&#8217;interfaccia utente \u00e8 attualmente disponibile nelle seguenti lingue: Inglese, tedesco, spagnolo, francese, italiano e portoghese.<\/div>\n\n<\/div><\/div>\n\n<div class=\"gb-grid-column gb-grid-column-118086f7\"><div class=\"gb-container gb-container-118086f7\">\n\n<h3 class=\"gb-headline gb-headline-6a35be13 gb-headline-text gbp-card__title\">Le etichette elettroniche sono multilingue?<\/h3>\n\n\n\n<div class=\"gb-headline gb-headline-e431c6bd gb-headline-text gbp-section__text\">I contenuti dell&#8217;etichetta elettronica possono essere comodamente tradotti direttamente dall&#8217;interfaccia utente di Wynelabel nelle seguenti lingue. Potete facilmente offrire ai vostri clienti etichette multilingue: Inglese, tedesco, spagnolo, francese, italiano, portoghese.<\/div>\n\n<\/div><\/div>\n\n<div class=\"gb-grid-column gb-grid-column-560fb771\"><div class=\"gb-container gb-container-560fb771\">\n\n<h3 class=\"gb-headline gb-headline-3f454aff gb-headline-text gbp-card__title\">Posso importare i dati dell&#8217;etichetta elettronica?<\/h3>\n\n\n\n<div class=\"gb-headline gb-headline-4240b5d4 gb-headline-text gbp-section__text\">S\u00ec, \u00e8 possibile importare tutti i campi del database forniti da Wynelabel tramite file CSV. \u00c8 possibile migrare facilmente da un altro fornitore a Wynelabel utilizzando un modello CSV fornito.<\/div>\n\n<\/div><\/div>\n\n<div class=\"gb-grid-column gb-grid-column-04af87eb\"><div class=\"gb-container gb-container-04af87eb\">\n\n<h3 class=\"gb-headline gb-headline-44dced31 gb-headline-text gbp-card__title\">Posso esportare i dati dell&#8217;etichetta elettronica?<\/h3>\n\n\n\n<div class=\"gb-headline gb-headline-031e4abd gb-headline-text gbp-section__text\">S\u00ec, \u00e8 possibile esportare tutti i campi del database forniti da Wynelabel tramite file CSV per eseguire il backup dei dati o la migrazione a un altro fornitore.<\/div>\n\n<\/div><\/div>\n\n<div class=\"gb-grid-column gb-grid-column-de9db11d\"><div class=\"gb-container gb-container-de9db11d\">\n\n<h3 class=\"gb-headline gb-headline-7095050f gb-headline-text gbp-card__title\">Hai bisogno di adattamenti personalizzati?  <\/h3>\n\n\n\n<div class=\"gb-headline gb-headline-d23b6086 gb-headline-text gbp-section__text\">Parla con noi, saremo lieti di soddisfare i tuoi desideri.<\/div>\n\n<\/div><\/div>\n\n<div class=\"gb-grid-column gb-grid-column-61eb6774\"><div class=\"gb-container gb-container-61eb6774\">\n\n<h3 class=\"gb-headline gb-headline-44250c52 gb-headline-text gbp-card__title\">Perch\u00e9 la mia etichetta elettronica ha bisogno di un&#8217;impronta?<\/h3>\n\n\n\n<div class=\"gb-headline gb-headline-afb1143b gb-headline-text gbp-section__text\">Un&#8217;etichetta elettronica \u00e8 in fin dei conti un sito web come tutti gli altri ed \u00e8 quindi soggetta alle consuete norme di legge, per cui sono necessarie un&#8217;impronta e un&#8217;informativa sulla privacy come per un normale sito web. Wynelabel pu\u00f2 generare automaticamente l&#8217;informativa sulla privacy a partire dall&#8217;indirizzo che hai inserito. Per rendere l&#8217;informativa legale conforme alla legge, puoi consultare un avvocato (ad esempio <a href=\"https:\/\/www.e-recht24.de\/\" target=\"_blank\" rel=\"noreferrer noopener\">www.e-recht24.de,<\/a> <a href=\"https:\/\/www.it-recht-kanzlei.de\/\" target=\"_blank\" rel=\"noreferrer noopener\">www.it-recht-kanzlei.de)<\/a>, se necessario in combinazione con un generatore di impronte. Non \u00e8 possibile generalizzare l&#8217;aspetto che deve avere un&#8217;informativa nel tuo caso, poich\u00e9 dipende, tra l&#8217;altro, dal tipo di azienda.   <\/div>\n\n<\/div><\/div>\n<\/div>\n<\/div>\n<\/div>\n\n<div class=\"gb-container gb-container-85452b29 gbp-section\">\n<div class=\"gb-container gb-container-8ef70792 gbp-section__inner\">\n<div class=\"gb-container gb-container-858d1307\">\n\n<h2 class=\"gb-headline gb-headline-1e252740 gb-headline-text gbp-section__headline\">Suggerimenti e trucchi<\/h2>\n\n\n\n<div class=\"gb-headline gb-headline-81c6c6f0 gb-headline-text gbp-section__text\">Utilizzando esempi specifici, ti mostreremo come puoi creare facilmente un&#8217;etichetta elettronica per il tuo vino con l&#8217;aiuto di Wynelabel:<\/div>\n\n<\/div>\n<\/div>\n\n<div class=\"gb-container gb-container-b520375a\">\n\n<div class=\"gb-grid-wrapper gb-grid-wrapper-a2276153 gb-query-loop-wrapper\">\n<div class=\"gb-grid-column gb-grid-column-49902a2e gb-query-loop-item post-1613 post type-post status-publish format-standard hentry category-tipps-und-tricks\"><div class=\"gb-container gb-container-49902a2e\">\n<h2 class=\"gb-headline gb-headline-9f95ae58 gb-headline-text\"><a href=\"https:\/\/wynelabel.eu\/it\/dwv-fachtsheet-zu-naehrwert-und-zutatenangaben-auf-weinetiketten\/\">DWV Fachtsheet zu N\u00e4hrwert- und Zutatenangaben auf Weinetiketten<\/a><\/h2>\n\n<p class=\"gb-headline gb-headline-adcec7c0 gb-headline-text\">Der Deutsche Weinbauverband hat ein Fachtsheet zum Thema &#8220;N\u00e4hrwert- und Zutatenangaben f\u00fcr Wein&#8221; und den daraus folgenden Regeln f\u00fcr Flaschenetiketten und E-Labels ver\u00f6ffentlicht. Das PDF-Dokument wird laufend aktualisiert und kann unter folgender Adresse angeschaut und heruntergeladen werden:<\/p>\n<\/div><\/div>\n\n<div class=\"gb-grid-column gb-grid-column-49902a2e gb-query-loop-item post-1383 post type-post status-publish format-standard hentry category-suggerimenti-e-trucchi\"><div class=\"gb-container gb-container-49902a2e\">\n<h2 class=\"gb-headline gb-headline-9f95ae58 gb-headline-text\"><a href=\"https:\/\/wynelabel.eu\/it\/come-posso-creare-unetichetta-elettronica-per-il-vino-con-wynelabel\/\">Come posso creare un&#8217;etichetta elettronica per il vino con Wynelabel?<\/a><\/h2>\n\n<p class=\"gb-headline gb-headline-adcec7c0 gb-headline-text\">Clicchi sul pulsante &#8220;E-LABELS&#8221; nella dashboard di Wynelabel. Questo la porta all&#8217;elenco delle sue etichette elettroniche. Clicchi sul pulsante arancione con il segno pi\u00f9 per creare una nuova etichetta elettronica. Il nome della sua cantina \u00e8 preassegnato dall&#8217;indirizzo di fatturazione che ha inserito, ma pu\u00f2 inserire qualsiasi nome desideri. Il nome della cantina viene visualizzato &#8230; <a title=\"Come posso creare un&#8217;etichetta elettronica per il vino con Wynelabel?\" class=\"read-more\" href=\"https:\/\/wynelabel.eu\/it\/come-posso-creare-unetichetta-elettronica-per-il-vino-con-wynelabel\/\" aria-label=\"Per saperne di pi\u00f9 su Come posso creare un&#8217;etichetta elettronica per il vino con Wynelabel?\">Weiterlesen &#8230;<\/a><\/p>\n<\/div><\/div>\n\n<div class=\"gb-grid-column gb-grid-column-49902a2e gb-query-loop-item post-1221 post type-post status-publish format-standard hentry category-tipps-und-tricks\"><div class=\"gb-container gb-container-49902a2e\">\n<h2 class=\"gb-headline gb-headline-9f95ae58 gb-headline-text\"><a href=\"https:\/\/wynelabel.eu\/it\/wie-erstelle-ich-das-zutatenverzeichnis-fuer-ein-weinhaltiges-getraenk\/\">Wie erstelle ich das Zutatenverzeichnis f\u00fcr ein weinhaltiges Getr\u00e4nk?<\/a><\/h2>\n\n<p class=\"gb-headline gb-headline-adcec7c0 gb-headline-text\">Gesetzliche Basis: So k\u00f6nnte beispielsweise der Abschnitt N\u00e4hrwerttabelle und Zutatenverzeichnis aussehen, den Sie mit Hilfe von Wynelabel f\u00fcr ein E-Label erstellt haben: Sie k\u00f6nnen das Zutatenverzeichnis eines weinhaltigen Getr\u00e4nkes mit Wynelabel wie folgt erstellen. Klicken Sie dazu im Reiter &#8220;ZUTATENVERZEICHNIS&#8221; auf den Button &#8220;ZUTATENVERZEICHNIS BEARBEITEN&#8221;. Ziel ist folgende Auflistung im linken Bereich des Zutatenverzeichnis-Editors. Die &#8230; <a title=\"Wie erstelle ich das Zutatenverzeichnis f\u00fcr ein weinhaltiges Getr\u00e4nk?\" class=\"read-more\" href=\"https:\/\/wynelabel.eu\/it\/wie-erstelle-ich-das-zutatenverzeichnis-fuer-ein-weinhaltiges-getraenk\/\" aria-label=\"Per saperne di pi\u00f9 su Wie erstelle ich das Zutatenverzeichnis f\u00fcr ein weinhaltiges Getr\u00e4nk?\">Weiterlesen &#8230;<\/a><\/p>\n<\/div><\/div>\n\n<div class=\"gb-grid-column gb-grid-column-49902a2e gb-query-loop-item post-1216 post type-post status-publish format-standard hentry category-tipps-und-tricks\"><div class=\"gb-container gb-container-49902a2e\">\n<h2 class=\"gb-headline gb-headline-9f95ae58 gb-headline-text\"><a href=\"https:\/\/wynelabel.eu\/it\/wie-erstelle-ich-das-zutatenverzeichnis-fuer-gluehwein\/\">Wie erstelle ich das Zutatenverzeichnis f\u00fcr Gl\u00fchwein?<\/a><\/h2>\n\n<p class=\"gb-headline gb-headline-adcec7c0 gb-headline-text\">Gesetzliche Basis: So k\u00f6nnte beispielsweise der Abschnitt N\u00e4hrwerttabelle und Zutatenverzeichnis aussehen, den Sie mit Hilfe von Wynelabel f\u00fcr ein E-Label f\u00fcr Gl\u00fchwein erstellt haben: Sie k\u00f6nnen das Zutatenverzeichnis eines weinhaltigen Getr\u00e4nkes mit Wynelabel wie folgt erstellen. Klicken Sie dazu im Reiter &#8220;ZUTATENVERZEICHNIS&#8221; auf den Button &#8220;ZUTATENVERZEICHNIS BEARBEITEN&#8221;. Das obige Zutatenverzeichnis ergibt sich durch folgende Auflistung &#8230; <a title=\"Wie erstelle ich das Zutatenverzeichnis f\u00fcr Gl\u00fchwein?\" class=\"read-more\" href=\"https:\/\/wynelabel.eu\/it\/wie-erstelle-ich-das-zutatenverzeichnis-fuer-gluehwein\/\" aria-label=\"Per saperne di pi\u00f9 su Wie erstelle ich das Zutatenverzeichnis f\u00fcr Gl\u00fchwein?\">Weiterlesen &#8230;<\/a><\/p>\n<\/div><\/div>\n<\/div>\n\n<\/div>\n<\/div>\n<\/div>","protected":false},"excerpt":{"rendered":"<p>Hai qualche domanda o problema nell&#8217;utilizzo di Wynelabel? Il nostro team di assistenza \u00e8 disponibile dal luned\u00ec al venerd\u00ec dalle 10.00 alle 18.00 al seguente numero di telefono e indirizzo e-mail: DOMANDE FREQUENTI Qui troverai le risposte alle domande pi\u00f9 frequenti su Wynelabel. Il nostro obiettivo \u00e8 quello di aiutarti in modo rapido ed efficiente. &#8230; <a title=\"Supporto Wynelabel \/ FAQ \/ Suggerimenti e trucchi\" class=\"read-more\" href=\"https:\/\/wynelabel.eu\/it\/domande-e-risposte\/\" aria-label=\"Per saperne di pi\u00f9 su Supporto Wynelabel \/ FAQ \/ Suggerimenti e trucchi\">Weiterlesen &#8230;<\/a><\/p>\n","protected":false},"author":1,"featured_media":0,"parent":0,"menu_order":0,"comment_status":"closed","ping_status":"closed","template":"","meta":{"footnotes":""},"class_list":["post-76","page","type-page","status-publish"],"_links":{"self":[{"href":"https:\/\/wynelabel.eu\/it\/wp-json\/wp\/v2\/pages\/76","targetHints":{"allow":["GET"]}}],"collection":[{"href":"https:\/\/wynelabel.eu\/it\/wp-json\/wp\/v2\/pages"}],"about":[{"href":"https:\/\/wynelabel.eu\/it\/wp-json\/wp\/v2\/types\/page"}],"author":[{"embeddable":true,"href":"https:\/\/wynelabel.eu\/it\/wp-json\/wp\/v2\/users\/1"}],"replies":[{"embeddable":true,"href":"https:\/\/wynelabel.eu\/it\/wp-json\/wp\/v2\/comments?post=76"}],"version-history":[{"count":21,"href":"https:\/\/wynelabel.eu\/it\/wp-json\/wp\/v2\/pages\/76\/revisions"}],"predecessor-version":[{"id":1374,"href":"https:\/\/wynelabel.eu\/it\/wp-json\/wp\/v2\/pages\/76\/revisions\/1374"}],"wp:attachment":[{"href":"https:\/\/wynelabel.eu\/it\/wp-json\/wp\/v2\/media?parent=76"}],"curies":[{"name":"wp","href":"https:\/\/api.w.org\/{rel}","templated":true}]}}