{"id":55,"date":"2024-02-06T12:53:47","date_gmt":"2024-02-06T11:53:47","guid":{"rendered":"https:\/\/wynelabel.eu\/rotulos-de-vinho-digitais\/"},"modified":"2024-11-08T20:14:25","modified_gmt":"2024-11-08T19:14:25","slug":"rotulos-de-vinho-digitais","status":"publish","type":"page","link":"https:\/\/wynelabel.eu\/pt-pt\/","title":{"rendered":"R\u00f3tulo eletr\u00f3nico e c\u00f3digo QR para r\u00f3tulos de vinho"},"content":{"rendered":"<div class=\"gb-container gb-container-495e372f alignfull\">\n<div class=\"gb-container gb-container-43bf795f\">\n\n<figure class=\"gb-block-image gb-block-image-8a41bbe0\"><img loading=\"lazy\" decoding=\"async\" width=\"900\" height=\"900\" class=\"gb-image gb-image-8a41bbe0\" src=\"https:\/\/wynelabel.eu\/wp-content\/uploads\/\/man-in-supermarket-buying-wine.-He-is-holding-a-smartphone-in-one-hand-and-a-wine-bottle-in-the-other-900x900.webp\" alt=\"V\u00ea o r\u00f3tulo eletr\u00f3nico atrav\u00e9s do c\u00f3digo QR\" title=\"Homem no supermercado a comprar vinho. Segura um smartphone numa m\u00e3o e uma garrafa de vinho na outra\" srcset=\"https:\/\/wynelabel.eu\/wp-content\/uploads\/man-in-supermarket-buying-wine.-He-is-holding-a-smartphone-in-one-hand-and-a-wine-bottle-in-the-other-900x900.webp 900w, https:\/\/wynelabel.eu\/wp-content\/uploads\/man-in-supermarket-buying-wine.-He-is-holding-a-smartphone-in-one-hand-and-a-wine-bottle-in-the-other-600x600.webp 600w, https:\/\/wynelabel.eu\/wp-content\/uploads\/man-in-supermarket-buying-wine.-He-is-holding-a-smartphone-in-one-hand-and-a-wine-bottle-in-the-other-300x300.webp 300w, https:\/\/wynelabel.eu\/wp-content\/uploads\/man-in-supermarket-buying-wine.-He-is-holding-a-smartphone-in-one-hand-and-a-wine-bottle-in-the-other-768x768.webp 768w, https:\/\/wynelabel.eu\/wp-content\/uploads\/man-in-supermarket-buying-wine.-He-is-holding-a-smartphone-in-one-hand-and-a-wine-bottle-in-the-other.webp 1024w\" sizes=\"auto, (max-width: 900px) 100vw, 900px\" \/><\/figure>\n\n\n<div class=\"gb-container gb-container-0c452853\">\n\n<h2 class=\"gb-headline gb-headline-5594d136 gb-headline-text\">Descobre a <em>Wynelabel<\/em> &#8211; a solu\u00e7\u00e3o inovadora de rotulagem eletr\u00f3nica para a ind\u00fastria vin\u00edcola.<\/h2>\n\n\n\n<p class=\"has-medium-font-size\">Connosco, criar r\u00f3tulos electr\u00f3nicos para vinhos da UE nunca foi t\u00e3o f\u00e1cil. Com apenas alguns cliques, podes gerar um n\u00famero ilimitado de r\u00f3tulos electr\u00f3nicos e c\u00f3digos QR associados &#8211; tudo a um pre\u00e7o imbat\u00edvel!<\/p>\n\n\n\n<p class=\"has-medium-font-size\">Fica um passo \u00e0 frente com a Wynelabel! A nossa plataforma de f\u00e1cil utiliza\u00e7\u00e3o permite-te personalizar facilmente os teus r\u00f3tulos electr\u00f3nicos, cumprindo simultaneamente os requisitos legais.<\/p>\n\n\n\n<p class=\"has-medium-font-size\">N\u00e3o esperes mais! Come\u00e7a a criar a tua primeira etiqueta eletr\u00f3nica hoje mesmo e <a href=\"https:\/\/app.wynelabel.eu\/signup\/?lang=de\">regista-te<\/a> para obteres uma <a href=\"https:\/\/app.wynelabel.eu\/signup\/?lang=de\">conta Wynlabel<\/a> gratuita.<\/p>\n\n<\/div>\n<\/div>\n<\/div><div class=\"gb-container gb-container-b5e9939b alignfull\">\n<div class=\"gb-container gb-container-0bb685ee\">\n<div class=\"gb-container gb-container-77dbe600\">\n<div class=\"gb-container gb-container-4892ce1f\">\n\n<h2 class=\"gb-headline gb-headline-aa135993\"><span class=\"gb-icon\"><svg xmlns=\"http:\/\/www.w3.org\/2000\/svg\" aria-hidden=\"true\" role=\"img\" height=\"1em\" width=\"1em\" viewbox=\"0 0 640 512\"><path fill=\"currentColor\" d=\"M192 384h192c53 0 96-43 96-96h32c70.6 0 128-57.4 128-128S582.6 32 512 32H120c-13.3 0-24 10.7-24 24v232c0 53 43 96 96 96zM512 96c35.3 0 64 28.7 64 64s-28.7 64-64 64h-32V96h32zm47.7 384H48.3c-47.6 0-61-64-36-64h583.3c25 0 11.8 64-35.9 64z\"><\/path><\/svg><\/span><span class=\"gb-headline-text\">Wynelabel <strong>Gr\u00e1tis<\/strong><\/span><\/h2>\n\n<\/div>\n\n\n<div class=\"gb-headline gb-headline-aa54e2db gb-headline-text\">Experimenta gratuitamente todas as fun\u00e7\u00f5es da Wynelabel sem quaisquer restri\u00e7\u00f5es e publica gratuitamente uma etiqueta eletr\u00f3nica com um c\u00f3digo QR correspondente.<\/div>\n\n\n<div class=\"gb-container gb-container-a93f6ff0\">\n\n<div class=\"gb-headline gb-headline-4a276dd3 gb-headline-text\">Gratuito<\/div>\n\n<\/div>\n\n<div class=\"gb-container gb-container-90d9860a\">\n\n<div class=\"gb-headline gb-headline-070dad9d\"><span class=\"gb-icon\"><svg xmlns=\"http:\/\/www.w3.org\/2000\/svg\" aria-hidden=\"true\" role=\"img\" height=\"1em\" width=\"1em\" viewbox=\"0 0 512 512\"><path fill=\"currentColor\" d=\"M173.898 439.404l-166.4-166.4c-9.997-9.997-9.997-26.206 0-36.204l36.203-36.204c9.997-9.998 26.207-9.998 36.204 0L192 312.69 432.095 72.596c9.997-9.997 26.207-9.997 36.204 0l36.203 36.204c9.997 9.997 9.997 26.206 0 36.204l-294.4 294.401c-9.998 9.997-26.207 9.997-36.204-.001z\"><\/path><\/svg><\/span><span class=\"gb-headline-text\">Cria\u00e7\u00e3o c\u00f3moda e descomplicada de qualquer n\u00famero de r\u00f3tulos electr\u00f3nicos<\/span><\/div>\n\n\n\n<div class=\"gb-headline gb-headline-2776210e\"><span class=\"gb-icon\"><svg xmlns=\"http:\/\/www.w3.org\/2000\/svg\" aria-hidden=\"true\" role=\"img\" height=\"1em\" width=\"1em\" viewbox=\"0 0 512 512\"><path fill=\"currentColor\" d=\"M173.898 439.404l-166.4-166.4c-9.997-9.997-9.997-26.206 0-36.204l36.203-36.204c9.997-9.998 26.207-9.998 36.204 0L192 312.69 432.095 72.596c9.997-9.997 26.207-9.997 36.204 0l36.203 36.204c9.997 9.997 9.997 26.206 0 36.204l-294.4 294.401c-9.998 9.997-26.207 9.997-36.204-.001z\"><\/path><\/svg><\/span><span class=\"gb-headline-text\">Publica um r\u00f3tulo eletr\u00f3nico gratuito e um c\u00f3digo QR associado<\/span><\/div>\n\n\n\n<div class=\"gb-headline gb-headline-5d9cbcbc\"><span class=\"gb-icon\"><svg xmlns=\"http:\/\/www.w3.org\/2000\/svg\" aria-hidden=\"true\" role=\"img\" height=\"1em\" width=\"1em\" viewbox=\"0 0 512 512\"><path fill=\"currentColor\" d=\"M173.898 439.404l-166.4-166.4c-9.997-9.997-9.997-26.206 0-36.204l36.203-36.204c9.997-9.998 26.207-9.998 36.204 0L192 312.69 432.095 72.596c9.997-9.997 26.207-9.997 36.204 0l36.203 36.204c9.997 9.997 9.997 26.206 0 36.204l-294.4 294.401c-9.998 9.997-26.207 9.997-36.204-.001z\"><\/path><\/svg><\/span><span class=\"gb-headline-text\">C\u00f3digo QR para descarregar como ficheiro SVG ou PNG<\/span><\/div>\n\n\n\n<div class=\"gb-headline gb-headline-be47a699\"><span class=\"gb-icon\"><svg xmlns=\"http:\/\/www.w3.org\/2000\/svg\" aria-hidden=\"true\" role=\"img\" height=\"1em\" width=\"1em\" viewbox=\"0 0 512 512\"><path fill=\"currentColor\" d=\"M173.898 439.404l-166.4-166.4c-9.997-9.997-9.997-26.206 0-36.204l36.203-36.204c9.997-9.998 26.207-9.998 36.204 0L192 312.69 432.095 72.596c9.997-9.997 26.207-9.997 36.204 0l36.203 36.204c9.997 9.997 9.997 26.206 0 36.204l-294.4 294.401c-9.998 9.997-26.207 9.997-36.204-.001z\"><\/path><\/svg><\/span><span class=\"gb-headline-text\">Multilinguismo em alem\u00e3o, ingl\u00eas, franc\u00eas, espanhol, italiano e portugu\u00eas<\/span><\/div>\n\n\n\n<div class=\"gb-headline gb-headline-aa56af8e\"><span class=\"gb-icon\"><svg xmlns=\"http:\/\/www.w3.org\/2000\/svg\" aria-hidden=\"true\" role=\"img\" height=\"1em\" width=\"1em\" viewbox=\"0 0 512 512\"><path fill=\"currentColor\" d=\"M173.898 439.404l-166.4-166.4c-9.997-9.997-9.997-26.206 0-36.204l36.203-36.204c9.997-9.998 26.207-9.998 36.204 0L192 312.69 432.095 72.596c9.997-9.997 26.207-9.997 36.204 0l36.203 36.204c9.997 9.997 9.997 26.206 0 36.204l-294.4 294.401c-9.998 9.997-26.207 9.997-36.204-.001z\"><\/path><\/svg><\/span><span class=\"gb-headline-text\">Tradu\u00e7\u00e3o autom\u00e1tica de dados de r\u00f3tulos electr\u00f3nicos atrav\u00e9s de <a href=\"https:\/\/www.deepl.com\/de\/whydeepl\" target=\"_blank\" rel=\"noreferrer noopener\">DeepL AI<\/a><\/span><\/div>\n\n\n\n<div class=\"gb-headline gb-headline-57a58e39\"><span class=\"gb-icon\"><svg xmlns=\"http:\/\/www.w3.org\/2000\/svg\" aria-hidden=\"true\" role=\"img\" height=\"1em\" width=\"1em\" viewbox=\"0 0 512 512\"><path fill=\"currentColor\" d=\"M173.898 439.404l-166.4-166.4c-9.997-9.997-9.997-26.206 0-36.204l36.203-36.204c9.997-9.998 26.207-9.998 36.204 0L192 312.69 432.095 72.596c9.997-9.997 26.207-9.997 36.204 0l36.203 36.204c9.997 9.997 9.997 26.206 0 36.204l-294.4 294.401c-9.998 9.997-26.207 9.997-36.204-.001z\"><\/path><\/svg><\/span><span class=\"gb-headline-text\">Carrega o log\u00f3tipo, a imagem da garrafa e informa\u00e7\u00f5es sobre reciclagem<\/span><\/div>\n\n\n\n<div class=\"gb-headline gb-headline-effc06c8\"><span class=\"gb-icon\"><svg xmlns=\"http:\/\/www.w3.org\/2000\/svg\" aria-hidden=\"true\" role=\"img\" height=\"1em\" width=\"1em\" viewbox=\"0 0 512 512\"><path fill=\"currentColor\" d=\"M173.898 439.404l-166.4-166.4c-9.997-9.997-9.997-26.206 0-36.204l36.203-36.204c9.997-9.998 26.207-9.998 36.204 0L192 312.69 432.095 72.596c9.997-9.997 26.207-9.997 36.204 0l36.203 36.204c9.997 9.997 9.997 26.206 0 36.204l-294.4 294.401c-9.998 9.997-26.207 9.997-36.204-.001z\"><\/path><\/svg><\/span><span class=\"gb-headline-text\">Importa e exporta os dados do teu r\u00f3tulo eletr\u00f3nico atrav\u00e9s de CSV<\/span><\/div>\n\n\n\n<div class=\"gb-headline gb-headline-9c0c8c72\"><span class=\"gb-icon\"><svg xmlns=\"http:\/\/www.w3.org\/2000\/svg\" aria-hidden=\"true\" role=\"img\" height=\"1em\" width=\"1em\" viewbox=\"0 0 512 512\"><path fill=\"currentColor\" d=\"M173.898 439.404l-166.4-166.4c-9.997-9.997-9.997-26.206 0-36.204l36.203-36.204c9.997-9.998 26.207-9.998 36.204 0L192 312.69 432.095 72.596c9.997-9.997 26.207-9.997 36.204 0l36.203 36.204c9.997 9.997 9.997 26.206 0 36.204l-294.4 294.401c-9.998 9.997-26.207 9.997-36.204-.001z\"><\/path><\/svg><\/span><span class=\"gb-headline-text\">Hist\u00f3ria dos r\u00f3tulos electr\u00f3nicos publicados<\/span><\/div>\n\n\n\n<div class=\"gb-headline gb-headline-25cc9546\"><span class=\"gb-icon\"><svg xmlns=\"http:\/\/www.w3.org\/2000\/svg\" aria-hidden=\"true\" role=\"img\" height=\"1em\" width=\"1em\" viewbox=\"0 0 512 512\"><path fill=\"currentColor\" d=\"M173.898 439.404l-166.4-166.4c-9.997-9.997-9.997-26.206 0-36.204l36.203-36.204c9.997-9.998 26.207-9.998 36.204 0L192 312.69 432.095 72.596c9.997-9.997 26.207-9.997 36.204 0l36.203 36.204c9.997 9.997 9.997 26.206 0 36.204l-294.4 294.401c-9.998 9.997-26.207 9.997-36.204-.001z\"><\/path><\/svg><\/span><span class=\"gb-headline-text\">Acessibilidade do c\u00f3digo QR mesmo depois de mudares de fornecedor<\/span><\/div>\n\n<\/div>\n\n<div class=\"gb-container gb-container-26c26944\">\n\n<a class=\"gb-button gb-button-74ef7135 gb-button-text gbp-button--primary\" href=\"https:\/\/app.wynelabel.eu\/signup\">Experimenta agora<\/a>\n\n<\/div>\n<\/div>\n\n<div class=\"gb-container gb-container-47c24d72\">\n<div class=\"gb-container gb-container-7648d2a4\">\n\n<h2 class=\"gb-headline gb-headline-ae756c00\"><span class=\"gb-icon\"><svg xmlns=\"http:\/\/www.w3.org\/2000\/svg\" aria-hidden=\"true\" role=\"img\" height=\"1em\" width=\"1em\" viewbox=\"0 0 384 512\"><path fill=\"currentColor\" d=\"M97.12 362.63c-8.69-8.69-4.16-6.24-25.12-11.85-9.51-2.55-17.87-7.45-25.43-13.32L1.2 448.7c-4.39 10.77 3.81 22.47 15.43 22.03l52.69-2.01L105.56 507c8 8.44 22.04 5.81 26.43-4.96l52.05-127.62c-10.84 6.04-22.87 9.58-35.31 9.58-19.5 0-37.82-7.59-51.61-21.37zM382.8 448.7l-45.37-111.24c-7.56 5.88-15.92 10.77-25.43 13.32-21.07 5.64-16.45 3.18-25.12 11.85-13.79 13.78-32.12 21.37-51.62 21.37-12.44 0-24.47-3.55-35.31-9.58L252 502.04c4.39 10.77 18.44 13.4 26.43 4.96l36.25-38.28 52.69 2.01c11.62.44 19.82-11.27 15.43-22.03zM263 340c15.28-15.55 17.03-14.21 38.79-20.14 13.89-3.79 24.75-14.84 28.47-28.98 7.48-28.4 5.54-24.97 25.95-45.75 10.17-10.35 14.14-25.44 10.42-39.58-7.47-28.38-7.48-24.42 0-52.83 3.72-14.14-.25-29.23-10.42-39.58-20.41-20.78-18.47-17.36-25.95-45.75-3.72-14.14-14.58-25.19-28.47-28.98-27.88-7.61-24.52-5.62-44.95-26.41-10.17-10.35-25-14.4-38.89-10.61-27.87 7.6-23.98 7.61-51.9 0-13.89-3.79-28.72.25-38.89 10.61-20.41 20.78-17.05 18.8-44.94 26.41-13.89 3.79-24.75 14.84-28.47 28.98-7.47 28.39-5.54 24.97-25.95 45.75-10.17 10.35-14.15 25.44-10.42 39.58 7.47 28.36 7.48 24.4 0 52.82-3.72 14.14.25 29.23 10.42 39.59 20.41 20.78 18.47 17.35 25.95 45.75 3.72 14.14 14.58 25.19 28.47 28.98C104.6 325.96 106.27 325 121 340c13.23 13.47 33.84 15.88 49.74 5.82a39.676 39.676 0 0 1 42.53 0c15.89 10.06 36.5 7.65 49.73-5.82zM97.66 175.96c0-53.03 42.24-96.02 94.34-96.02s94.34 42.99 94.34 96.02-42.24 96.02-94.34 96.02-94.34-42.99-94.34-96.02z\"><\/path><\/svg><\/span><span class=\"gb-headline-text\">Wynelabel <strong>Unlimited<\/strong><\/span><\/h2>\n\n<\/div>\n\n\n<div class=\"gb-headline gb-headline-1a797ae8 gb-headline-text\">Utiliza todas as fun\u00e7\u00f5es da vers\u00e3o gratuita e publica um n\u00famero ilimitado de etiquetas electr\u00f3nicas com c\u00f3digos QR a um pre\u00e7o anual fixo e vantajoso.<\/div>\n\n\n<div class=\"gb-container gb-container-d31f3025\">\n\n<div class=\"gb-headline gb-headline-beb77b8d gb-headline-text\">l\u00edquido \/ ano<\/div>\n\n\n\n<div class=\"gb-headline gb-headline-736a354c gb-headline-text\">\u20ac99<\/div>\n\n<\/div>\n\n<div class=\"gb-container gb-container-d8b7fb75\">\n\n<div class=\"gb-headline gb-headline-e87f53b3\"><span class=\"gb-icon\"><svg xmlns=\"http:\/\/www.w3.org\/2000\/svg\" aria-hidden=\"true\" role=\"img\" height=\"1em\" width=\"1em\" viewbox=\"0 0 512 512\"><path fill=\"currentColor\" d=\"M173.898 439.404l-166.4-166.4c-9.997-9.997-9.997-26.206 0-36.204l36.203-36.204c9.997-9.998 26.207-9.998 36.204 0L192 312.69 432.095 72.596c9.997-9.997 26.207-9.997 36.204 0l36.203 36.204c9.997 9.997 9.997 26.206 0 36.204l-294.4 294.401c-9.998 9.997-26.207 9.997-36.204-.001z\"><\/path><\/svg><\/span><span class=\"gb-headline-text\">Publica qualquer n\u00famero de etiquetas electr\u00f3nicas e c\u00f3digos QR<\/span><\/div>\n\n\n\n<div class=\"gb-headline gb-headline-761c099e\"><span class=\"gb-icon\"><svg xmlns=\"http:\/\/www.w3.org\/2000\/svg\" aria-hidden=\"true\" role=\"img\" height=\"1em\" width=\"1em\" viewbox=\"0 0 512 512\"><path fill=\"currentColor\" d=\"M173.898 439.404l-166.4-166.4c-9.997-9.997-9.997-26.206 0-36.204l36.203-36.204c9.997-9.998 26.207-9.998 36.204 0L192 312.69 432.095 72.596c9.997-9.997 26.207-9.997 36.204 0l36.203 36.204c9.997 9.997 9.997 26.206 0 36.204l-294.4 294.401c-9.998 9.997-26.207 9.997-36.204-.001z\"><\/path><\/svg><\/span><span class=\"gb-headline-text\">Pre\u00e7o anual sem custos ocultos<\/span><\/div>\n\n\n\n<div class=\"gb-headline gb-headline-fa35e08a\"><span class=\"gb-icon\"><svg xmlns=\"http:\/\/www.w3.org\/2000\/svg\" aria-hidden=\"true\" role=\"img\" height=\"1em\" width=\"1em\" viewbox=\"0 0 512 512\"><path fill=\"currentColor\" d=\"M173.898 439.404l-166.4-166.4c-9.997-9.997-9.997-26.206 0-36.204l36.203-36.204c9.997-9.998 26.207-9.998 36.204 0L192 312.69 432.095 72.596c9.997-9.997 26.207-9.997 36.204 0l36.203 36.204c9.997 9.997 9.997 26.206 0 36.204l-294.4 294.401c-9.998 9.997-26.207 9.997-36.204-.001z\"><\/path><\/svg><\/span><span class=\"gb-headline-text\">Renova\u00e7\u00e3o anual autom\u00e1tica<\/span><\/div>\n\n\n\n<div class=\"gb-headline gb-headline-2d8a1516\"><span class=\"gb-icon\"><svg xmlns=\"http:\/\/www.w3.org\/2000\/svg\" aria-hidden=\"true\" role=\"img\" height=\"1em\" width=\"1em\" viewbox=\"0 0 512 512\"><path fill=\"currentColor\" d=\"M173.898 439.404l-166.4-166.4c-9.997-9.997-9.997-26.206 0-36.204l36.203-36.204c9.997-9.998 26.207-9.998 36.204 0L192 312.69 432.095 72.596c9.997-9.997 26.207-9.997 36.204 0l36.203 36.204c9.997 9.997 9.997 26.206 0 36.204l-294.4 294.401c-9.998 9.997-26.207 9.997-36.204-.001z\"><\/path><\/svg><\/span><span class=\"gb-headline-text\">Cancel\u00e1vel em qualquer altura<\/span><\/div>\n\n\n\n<div class=\"gb-headline gb-headline-cad12f38\"><span class=\"gb-icon\"><svg xmlns=\"http:\/\/www.w3.org\/2000\/svg\" aria-hidden=\"true\" role=\"img\" height=\"1em\" width=\"1em\" viewbox=\"0 0 512 512\"><path fill=\"currentColor\" d=\"M173.898 439.404l-166.4-166.4c-9.997-9.997-9.997-26.206 0-36.204l36.203-36.204c9.997-9.998 26.207-9.998 36.204 0L192 312.69 432.095 72.596c9.997-9.997 26.207-9.997 36.204 0l36.203 36.204c9.997 9.997 9.997 26.206 0 36.204l-294.4 294.401c-9.998 9.997-26.207 9.997-36.204-.001z\"><\/path><\/svg><\/span><span class=\"gb-headline-text\">Paga com cart\u00e3o de cr\u00e9dito ou PayPal<\/span><\/div>\n\n<\/div>\n\n<div class=\"gb-container gb-container-de3c704c\">\n\n<a class=\"gb-button gb-button-76d0c2c9 gb-button-text gbp-button--primary\" href=\"https:\/\/app.wynelabel.eu\/signup\">Experimenta agora<\/a>\n\n<\/div>\n<\/div>\n<\/div>\n<\/div><div class=\"gb-container gb-container-7516a406\">\n<div class=\"gb-container gb-container-cfc37fb4 gbp-section\">\n\n<h2 class=\"gb-headline gb-headline-2c8371cf gb-headline-text\" id=\"screencast\">Como criar um r\u00f3tulo eletr\u00f3nico com c\u00f3digo QR em 6 l\u00ednguas em 1 minuto:<\/h2>\n\n\n<div class=\"gb-container gb-container-fc1774a8 gbp-section__inner\">\n\n<figure class=\"wp-block-video\"><video height=\"897\" style=\"aspect-ratio: 1437 \/ 897;\" width=\"1437\" controls=\"\" src=\"https:\/\/wynelabel.eu\/wp-content\/uploads\/Wynelabel-Screencast-E-Label-erstellen-1.mp4\"><\/video><\/figure>\n\n<\/div>\n<\/div>\n<\/div><div class=\"gb-container gb-container-088e4955 alignfull\">\n<div class=\"gb-container gb-container-f03561fb\">\n<div class=\"gb-container gb-container-020e209a\">\n\n<h2 class=\"gb-headline gb-headline-cfb63330\"><span class=\"gb-icon\"><svg xmlns=\"http:\/\/www.w3.org\/2000\/svg\" aria-hidden=\"true\" role=\"img\" height=\"1em\" width=\"1em\" viewbox=\"0 0 576 512\"><path fill=\"currentColor\" d=\"M259.3 17.8L194 150.2 47.9 171.5c-26.2 3.8-36.7 36.1-17.7 54.6l105.7 103-25 145.5c-4.5 26.3 23.2 46 46.4 33.7L288 439.6l130.7 68.7c23.2 12.2 50.9-7.4 46.4-33.7l-25-145.5 105.7-103c19-18.5 8.5-50.8-17.7-54.6L382 150.2 316.7 17.8c-11.7-23.6-45.6-23.9-57.4 0z\"><\/path><\/svg><\/span><span class=\"gb-headline-text\">A integra\u00e7\u00e3o de c\u00f3digos QR nos r\u00f3tulos dos vinhos oferece in\u00fameras vantagens<\/span><\/h2>\n\n\n\n<p>Os c\u00f3digos QR permitem um acesso r\u00e1pido a informa\u00e7\u00f5es pormenorizadas, promovem a transpar\u00eancia e facilitam o fornecimento de informa\u00e7\u00f5es nutricionais, listas de ingredientes e alerg\u00e9nios sem sobrecarregar o r\u00f3tulo anal\u00f3gico do vinho.<\/p>\n\n\n\n<p>O r\u00f3tulo eletr\u00f3nico, ao qual se pode aceder atrav\u00e9s do c\u00f3digo QR, cont\u00e9m todas as informa\u00e7\u00f5es legalmente exigidas e evita deliberadamente dados controversos do ponto de vista jur\u00eddico, como a descri\u00e7\u00e3o do produto ou pormenores sobre a origem que possam ser interpretados como marketing.<\/p>\n\n\n\n<p>Os c\u00f3digos QR tamb\u00e9m permitem que as informa\u00e7\u00f5es sejam actualizadas de forma r\u00e1pida e flex\u00edvel. Com o Wynelabel, um hist\u00f3rico de r\u00f3tulos electr\u00f3nicos publicados anteriormente permite-te saber quando \u00e9 que a informa\u00e7\u00e3o esteve ou est\u00e1 dispon\u00edvel em linha.<\/p>\n\n<\/div>\n\n<div class=\"gb-container gb-container-78965f5d\">\n\n<h2 class=\"gb-headline gb-headline-defa814b\"><span class=\"gb-icon\"><svg xmlns=\"http:\/\/www.w3.org\/2000\/svg\" aria-hidden=\"true\" role=\"img\" height=\"1em\" width=\"1em\" viewbox=\"0 0 512 512\"><path fill=\"currentColor\" d=\"M173.898 439.404l-166.4-166.4c-9.997-9.997-9.997-26.206 0-36.204l36.203-36.204c9.997-9.998 26.207-9.998 36.204 0L192 312.69 432.095 72.596c9.997-9.997 26.207-9.997 36.204 0l36.203 36.204c9.997 9.997 9.997 26.206 0 36.204l-294.4 294.401c-9.998 9.997-26.207 9.997-36.204-.001z\"><\/path><\/svg><\/span><span class=\"gb-headline-text\">Os requisitos legais para os r\u00f3tulos electr\u00f3nicos incluem<\/span><\/h2>\n\n\n\n<ul class=\"wp-block-list default-list\">\n<li>Tabela nutricional,<\/li>\n\n\n\n<li>Lista de ingredientes,<\/li>\n\n\n\n<li>Informa\u00e7\u00f5es sobre alerg\u00e9nios,<\/li>\n\n\n\n<li>informa\u00e7\u00f5es sobre os pormenores da reciclagem para exporta\u00e7\u00e3o para determinados pa\u00edses,<\/li>\n\n\n\n<li>N\u00e3o s\u00e3o permitidos conte\u00fados de marketing no r\u00f3tulo eletr\u00f3nico.<\/li>\n\n\n\n<li>O r\u00f3tulo eletr\u00f3nico deve estar dispon\u00edvel em linha enquanto o produto estiver no mercado.<\/li>\n\n\n\n<li>Todos os r\u00f3tulos electr\u00f3nicos devem incluir uma marca e uma pol\u00edtica de privacidade.<\/li>\n\n\n\n<li>O rastreio do utilizador \u00e9 exclu\u00eddo para garantir a prote\u00e7\u00e3o dos dados.<\/li>\n<\/ul>\n\n<\/div>\n\n<div class=\"gb-container gb-container-e4cfd9a7\">\n\n<h2 class=\"gb-headline gb-headline-a54ba553\"><span class=\"gb-icon\"><svg xmlns=\"http:\/\/www.w3.org\/2000\/svg\" aria-hidden=\"true\" role=\"img\" height=\"1em\" width=\"1em\" viewbox=\"0 0 576 512\"><path fill=\"currentColor\" d=\"M576 240c0-23.63-12.95-44.04-32-55.12V32.01C544 23.26 537.02 0 512 0c-7.12 0-14.19 2.38-19.98 7.02l-85.03 68.03C364.28 109.19 310.66 128 256 128H64c-35.35 0-64 28.65-64 64v96c0 35.35 28.65 64 64 64h33.7c-1.39 10.48-2.18 21.14-2.18 32 0 39.77 9.26 77.35 25.56 110.94 5.19 10.69 16.52 17.06 28.4 17.06h74.28c26.05 0 41.69-29.84 25.9-50.56-16.4-21.52-26.15-48.36-26.15-77.44 0-11.11 1.62-21.79 4.41-32H256c54.66 0 108.28 18.81 150.98 52.95l85.03 68.03a32.023 32.023 0 0 0 19.98 7.02c24.92 0 32-22.78 32-32V295.13C563.05 284.04 576 263.63 576 240zm-96 141.42l-33.05-26.44C392.95 311.78 325.12 288 256 288v-96c69.12 0 136.95-23.78 190.95-66.98L480 98.58v282.84z\"><\/path><\/svg><\/span><span class=\"gb-headline-text\">A Wynelabel oferece um elevado grau de flexibilidade na gest\u00e3o de etiquetas electr\u00f3nicas<\/span><\/h2>\n\n\n\n<p>A introdu\u00e7\u00e3o conveniente e a op\u00e7\u00e3o de importar atrav\u00e9s de um ficheiro CSV facilitam a publica\u00e7\u00e3o dos teus r\u00f3tulos de vinho, incluindo a nova informa\u00e7\u00e3o legalmente exigida.<\/p>\n\n\n\n<p>Ao criar um r\u00f3tulo eletr\u00f3nico atrav\u00e9s da Wynelabel, um c\u00f3digo QR \u00e9 automaticamente integrado no r\u00f3tulo do teu vinho quando o publicas.<\/p>\n\n\n\n<p>As informa\u00e7\u00f5es incorrectas podem ser corrigidas a qualquer momento e \u00e9 guardado um hist\u00f3rico do r\u00f3tulo eletr\u00f3nico para que possas provar que informa\u00e7\u00f5es estavam dispon\u00edveis quando.<\/p>\n\n<\/div>\n<\/div>\n<div class=\"gb-shapes\"><div class=\"gb-shape gb-shape-1\"><svg xmlns=\"http:\/\/www.w3.org\/2000\/svg\" viewBox=\"0 0 1200 211.2\" preserveAspectRatio=\"none\"><path d=\"M1200 188.4v22.8H0v-22.8C84.3 78.9 321.1 0 600 0s515.7 78.9 600 188.4z\"\/><\/svg><\/div><\/div><\/div>","protected":false},"excerpt":{"rendered":"<p>Descobre a Wynelabel &#8211; a solu\u00e7\u00e3o inovadora de rotulagem eletr\u00f3nica para a ind\u00fastria vin\u00edcola. Connosco, criar r\u00f3tulos electr\u00f3nicos para vinhos da UE nunca foi t\u00e3o f\u00e1cil. Com apenas alguns cliques, podes gerar um n\u00famero ilimitado de r\u00f3tulos electr\u00f3nicos e c\u00f3digos QR associados &#8211; tudo a um pre\u00e7o imbat\u00edvel! Fica um passo \u00e0 frente com a &#8230; <a title=\"R\u00f3tulo eletr\u00f3nico e c\u00f3digo QR para r\u00f3tulos de vinho\" class=\"read-more\" href=\"https:\/\/wynelabel.eu\/pt-pt\/\" aria-label=\"Leia mais sobre R\u00f3tulo eletr\u00f3nico e c\u00f3digo QR para r\u00f3tulos de vinho\">Weiterlesen &#8230;<\/a><\/p>\n","protected":false},"author":1,"featured_media":0,"parent":0,"menu_order":0,"comment_status":"closed","ping_status":"closed","template":"","meta":{"footnotes":""},"class_list":["post-55","page","type-page","status-publish"],"_links":{"self":[{"href":"https:\/\/wynelabel.eu\/pt-pt\/wp-json\/wp\/v2\/pages\/55","targetHints":{"allow":["GET"]}}],"collection":[{"href":"https:\/\/wynelabel.eu\/pt-pt\/wp-json\/wp\/v2\/pages"}],"about":[{"href":"https:\/\/wynelabel.eu\/pt-pt\/wp-json\/wp\/v2\/types\/page"}],"author":[{"embeddable":true,"href":"https:\/\/wynelabel.eu\/pt-pt\/wp-json\/wp\/v2\/users\/1"}],"replies":[{"embeddable":true,"href":"https:\/\/wynelabel.eu\/pt-pt\/wp-json\/wp\/v2\/comments?post=55"}],"version-history":[{"count":12,"href":"https:\/\/wynelabel.eu\/pt-pt\/wp-json\/wp\/v2\/pages\/55\/revisions"}],"predecessor-version":[{"id":1370,"href":"https:\/\/wynelabel.eu\/pt-pt\/wp-json\/wp\/v2\/pages\/55\/revisions\/1370"}],"wp:attachment":[{"href":"https:\/\/wynelabel.eu\/pt-pt\/wp-json\/wp\/v2\/media?parent=55"}],"curies":[{"name":"wp","href":"https:\/\/api.w.org\/{rel}","templated":true}]}}